{"id":424,"date":"2021-09-01T22:45:26","date_gmt":"2021-09-01T22:45:26","guid":{"rendered":"http:\/\/hotelmesadelossantos.com.co\/sitioweb\/?page_id=424"},"modified":"2024-02-10T14:13:10","modified_gmt":"2024-02-10T14:13:10","slug":"cabanas","status":"publish","type":"page","link":"https:\/\/hotelmesadelossantos.com.co\/sitioweb\/index.php\/cabanas\/","title":{"rendered":"CABA\u00d1AS"},"content":{"rendered":"\t\t<div data-elementor-type=\"wp-page\" data-elementor-id=\"424\" class=\"elementor elementor-424\">\n\t\t\t\t\t\t\t\t\t<section class=\"elementor-section elementor-top-section elementor-element elementor-element-273a4e6 elementor-section-full_width elementor-section-stretched elementor-section-height-default elementor-section-height-default\" data-id=\"273a4e6\" data-element_type=\"section\" data-settings=\"{&quot;stretch_section&quot;:&quot;section-stretched&quot;}\">\n\t\t\t\t\t\t<div class=\"elementor-container elementor-column-gap-default\">\n\t\t\t\t\t<div class=\"elementor-column elementor-col-100 elementor-top-column elementor-element elementor-element-f02559d\" data-id=\"f02559d\" data-element_type=\"column\">\n\t\t\t<div class=\"elementor-widget-wrap elementor-element-populated\">\n\t\t\t\t\t\t\t\t<div class=\"elementor-element elementor-element-25f651e elementor-pagination-position-outside elementor-widget elementor-widget-image-carousel\" data-id=\"25f651e\" data-element_type=\"widget\" data-settings=\"{&quot;slides_to_show&quot;:&quot;4&quot;,&quot;slides_to_scroll&quot;:&quot;1&quot;,&quot;image_spacing_custom&quot;:{&quot;unit&quot;:&quot;px&quot;,&quot;size&quot;:0,&quot;sizes&quot;:[]},&quot;navigation&quot;:&quot;dots&quot;,&quot;autoplay&quot;:&quot;yes&quot;,&quot;pause_on_hover&quot;:&quot;yes&quot;,&quot;pause_on_interaction&quot;:&quot;yes&quot;,&quot;autoplay_speed&quot;:5000,&quot;infinite&quot;:&quot;yes&quot;,&quot;speed&quot;:500}\" data-widget_type=\"image-carousel.default\">\n\t\t\t\t<div class=\"elementor-widget-container\">\n\t\t\t<style>\/*! elementor - v3.6.0 - 21-03-2022 *\/\n.elementor-widget-image-carousel .swiper-container{position:static}.elementor-widget-image-carousel .swiper-container .swiper-slide figure{line-height:inherit}.elementor-widget-image-carousel .swiper-slide{text-align:center}.elementor-image-carousel-wrapper:not(.swiper-container-initialized) .swiper-slide{max-width:calc(100% \/ var(--e-image-carousel-slides-to-show, 3))}<\/style>\t\t<div class=\"elementor-image-carousel-wrapper swiper-container\" dir=\"ltr\">\n\t\t\t<div class=\"elementor-image-carousel swiper-wrapper\">\n\t\t\t\t\t\t\t\t<div class=\"swiper-slide\"><figure class=\"swiper-slide-inner\"><img class=\"swiper-slide-image\" src=\"https:\/\/hotelmesadelossantos.com.co\/sitioweb\/wp-content\/uploads\/2021\/09\/CAB8.jpg\" alt=\"CAB8\" \/><\/figure><\/div><div class=\"swiper-slide\"><figure class=\"swiper-slide-inner\"><img class=\"swiper-slide-image\" src=\"https:\/\/hotelmesadelossantos.com.co\/sitioweb\/wp-content\/uploads\/2021\/09\/CAB76.jpg\" alt=\"CAB76\" \/><\/figure><\/div><div class=\"swiper-slide\"><figure class=\"swiper-slide-inner\"><img class=\"swiper-slide-image\" src=\"https:\/\/hotelmesadelossantos.com.co\/sitioweb\/wp-content\/uploads\/2021\/09\/CAB6.jpg\" alt=\"CAB6\" \/><\/figure><\/div><div class=\"swiper-slide\"><figure class=\"swiper-slide-inner\"><img class=\"swiper-slide-image\" src=\"https:\/\/hotelmesadelossantos.com.co\/sitioweb\/wp-content\/uploads\/2021\/09\/CAB5.jpg\" alt=\"CAB5\" \/><\/figure><\/div><div class=\"swiper-slide\"><figure class=\"swiper-slide-inner\"><img class=\"swiper-slide-image\" src=\"https:\/\/hotelmesadelossantos.com.co\/sitioweb\/wp-content\/uploads\/2021\/09\/CAB4.jpg\" alt=\"CAB4\" \/><\/figure><\/div><div class=\"swiper-slide\"><figure class=\"swiper-slide-inner\"><img class=\"swiper-slide-image\" src=\"https:\/\/hotelmesadelossantos.com.co\/sitioweb\/wp-content\/uploads\/2021\/09\/CAB3.jpg\" alt=\"CAB3\" \/><\/figure><\/div><div class=\"swiper-slide\"><figure class=\"swiper-slide-inner\"><img class=\"swiper-slide-image\" src=\"https:\/\/hotelmesadelossantos.com.co\/sitioweb\/wp-content\/uploads\/2021\/09\/CAB2.jpg\" alt=\"CAB2\" \/><\/figure><\/div><div class=\"swiper-slide\"><figure class=\"swiper-slide-inner\"><img class=\"swiper-slide-image\" src=\"https:\/\/hotelmesadelossantos.com.co\/sitioweb\/wp-content\/uploads\/2021\/09\/CAB1.jpg\" alt=\"CAB1\" \/><\/figure><\/div>\t\t\t<\/div>\n\t\t\t\t\t\t\t\t\t\t\t\t<div class=\"swiper-pagination\"><\/div>\n\t\t\t\t\t\t\t\t\t\t\t\t\t<\/div>\n\t\t\t\t<\/div>\n\t\t\t\t<\/div>\n\t\t\t\t\t<\/div>\n\t\t<\/div>\n\t\t\t\t\t\t\t<\/div>\n\t\t<\/section>\n\t\t\t\t<section class=\"elementor-section elementor-top-section elementor-element elementor-element-7470dd6 elementor-section-boxed elementor-section-height-default elementor-section-height-default\" data-id=\"7470dd6\" data-element_type=\"section\">\n\t\t\t\t\t\t<div class=\"elementor-container elementor-column-gap-default\">\n\t\t\t\t\t<div class=\"elementor-column elementor-col-100 elementor-top-column elementor-element elementor-element-cb7f57b\" data-id=\"cb7f57b\" data-element_type=\"column\">\n\t\t\t<div class=\"elementor-widget-wrap elementor-element-populated\">\n\t\t\t\t\t\t\t\t\t<\/div>\n\t\t<\/div>\n\t\t\t\t\t\t\t<\/div>\n\t\t<\/section>\n\t\t\t\t<section class=\"elementor-section elementor-top-section elementor-element elementor-element-540c889 elementor-section-full_width elementor-section-height-default elementor-section-height-default\" data-id=\"540c889\" data-element_type=\"section\">\n\t\t\t\t\t\t<div class=\"elementor-container elementor-column-gap-default\">\n\t\t\t\t\t<div class=\"elementor-column elementor-col-50 elementor-top-column elementor-element elementor-element-0663d90\" data-id=\"0663d90\" data-element_type=\"column\">\n\t\t\t<div class=\"elementor-widget-wrap elementor-element-populated\">\n\t\t\t\t\t\t\t\t<div class=\"elementor-element elementor-element-f41d2fa elementor-widget elementor-widget-image\" data-id=\"f41d2fa\" data-element_type=\"widget\" data-widget_type=\"image.default\">\n\t\t\t\t<div class=\"elementor-widget-container\">\n\t\t\t<style>\/*! elementor - v3.6.0 - 21-03-2022 *\/\n.elementor-widget-image{text-align:center}.elementor-widget-image a{display:inline-block}.elementor-widget-image a img[src$=\".svg\"]{width:48px}.elementor-widget-image img{vertical-align:middle;display:inline-block}<\/style>\t\t\t\t\t\t\t\t\t\t\t\t<img width=\"837\" height=\"743\" src=\"https:\/\/hotelmesadelossantos.com.co\/sitioweb\/wp-content\/uploads\/2024\/01\/finca-con-bbq-mesa-de-los-santos.png\" class=\"attachment-large size-large\" alt=\"finca con bbq mesa de los santos\" loading=\"lazy\" srcset=\"https:\/\/hotelmesadelossantos.com.co\/sitioweb\/wp-content\/uploads\/2024\/01\/finca-con-bbq-mesa-de-los-santos.png 846w, https:\/\/hotelmesadelossantos.com.co\/sitioweb\/wp-content\/uploads\/2024\/01\/finca-con-bbq-mesa-de-los-santos-300x266.png 300w, https:\/\/hotelmesadelossantos.com.co\/sitioweb\/wp-content\/uploads\/2024\/01\/finca-con-bbq-mesa-de-los-santos-768x682.png 768w\" sizes=\"(max-width: 837px) 100vw, 837px\" \/>\t\t\t\t\t\t\t\t\t\t\t\t\t\t\t<\/div>\n\t\t\t\t<\/div>\n\t\t\t\t\t<\/div>\n\t\t<\/div>\n\t\t\t\t<div class=\"elementor-column elementor-col-50 elementor-top-column elementor-element elementor-element-2bf459e\" data-id=\"2bf459e\" data-element_type=\"column\">\n\t\t\t<div class=\"elementor-widget-wrap elementor-element-populated\">\n\t\t\t\t\t\t\t\t<div class=\"elementor-element elementor-element-af00ddc elementor-widget elementor-widget-text-editor\" data-id=\"af00ddc\" data-element_type=\"widget\" data-widget_type=\"text-editor.default\">\n\t\t\t\t<div class=\"elementor-widget-container\">\n\t\t\t<style>\/*! elementor - v3.6.0 - 21-03-2022 *\/\n.elementor-widget-text-editor.elementor-drop-cap-view-stacked .elementor-drop-cap{background-color:#818a91;color:#fff}.elementor-widget-text-editor.elementor-drop-cap-view-framed .elementor-drop-cap{color:#818a91;border:3px solid;background-color:transparent}.elementor-widget-text-editor:not(.elementor-drop-cap-view-default) .elementor-drop-cap{margin-top:8px}.elementor-widget-text-editor:not(.elementor-drop-cap-view-default) .elementor-drop-cap-letter{width:1em;height:1em}.elementor-widget-text-editor .elementor-drop-cap{float:left;text-align:center;line-height:1;font-size:50px}.elementor-widget-text-editor .elementor-drop-cap-letter{display:inline-block}<\/style>\t\t\t\t<p>\u00a1Descubre nuestras acogedoras caba\u00f1as dise\u00f1adas para brindarte la m\u00e1xima comodidad durante tu estancia! Con una capacidad de hasta 5 personas en acomodaci\u00f3n m\u00faltiple, cada caba\u00f1a cuenta con una cama doble y un camarote. El camarote incluye una cama semi doble en la parte inferior y una cama sencilla en la parte superior.<\/p><p>Adem\u00e1s, nos preocupamos por cada detalle para hacer tu estad\u00eda m\u00e1s placentera. Nuestras caba\u00f1as est\u00e1n completamente equipadas con lencer\u00eda hotelera de alta calidad, que incluye toallas de cuerpo, de manos y de pies, as\u00ed como jab\u00f3n, champ\u00fa, cobijas de lana, plum\u00f3n y almohadas mullidas.<\/p><p>Para tu entretenimiento, ofrecemos televisi\u00f3n con 210 canales de DirecTV, y para mantenerte conectado, contamos con internet de alta velocidad por fibra \u00f3ptica. En nuestro rinc\u00f3n de comodidad, nos aseguramos de que te sientas como en casa. \u00a1Reserva ahora y disfruta de una experiencia inolvidable en nuestro encantador hotel!<\/p>\t\t\t\t\t\t<\/div>\n\t\t\t\t<\/div>\n\t\t\t\t\t<\/div>\n\t\t<\/div>\n\t\t\t\t\t\t\t<\/div>\n\t\t<\/section>\n\t\t\t\t\t\t\t<\/div>\n\t\t","protected":false},"excerpt":{"rendered":"<p>\u00a1Descubre nuestras acogedoras caba\u00f1as dise\u00f1adas para brindarte la m\u00e1xima comodidad durante tu estancia! Con una capacidad de hasta 5 personas en acomodaci\u00f3n m\u00faltiple, cada caba\u00f1a cuenta con una cama doble y un camarote. El camarote incluye una cama semi doble en la parte inferior y una cama sencilla en la parte superior. Adem\u00e1s, nos preocupamos <a class=\"read-more\" href=\"https:\/\/hotelmesadelossantos.com.co\/sitioweb\/index.php\/cabanas\/\">READ MORE<\/a><\/p>\n","protected":false},"author":1,"featured_media":0,"parent":0,"menu_order":0,"comment_status":"closed","ping_status":"closed","template":"template-full-width-no-bottom-margin.php","meta":{"_eb_attr":"","om_disable_all_campaigns":false},"_links":{"self":[{"href":"https:\/\/hotelmesadelossantos.com.co\/sitioweb\/index.php\/wp-json\/wp\/v2\/pages\/424"}],"collection":[{"href":"https:\/\/hotelmesadelossantos.com.co\/sitioweb\/index.php\/wp-json\/wp\/v2\/pages"}],"about":[{"href":"https:\/\/hotelmesadelossantos.com.co\/sitioweb\/index.php\/wp-json\/wp\/v2\/types\/page"}],"author":[{"embeddable":true,"href":"https:\/\/hotelmesadelossantos.com.co\/sitioweb\/index.php\/wp-json\/wp\/v2\/users\/1"}],"replies":[{"embeddable":true,"href":"https:\/\/hotelmesadelossantos.com.co\/sitioweb\/index.php\/wp-json\/wp\/v2\/comments?post=424"}],"version-history":[{"count":109,"href":"https:\/\/hotelmesadelossantos.com.co\/sitioweb\/index.php\/wp-json\/wp\/v2\/pages\/424\/revisions"}],"predecessor-version":[{"id":1201,"href":"https:\/\/hotelmesadelossantos.com.co\/sitioweb\/index.php\/wp-json\/wp\/v2\/pages\/424\/revisions\/1201"}],"wp:attachment":[{"href":"https:\/\/hotelmesadelossantos.com.co\/sitioweb\/index.php\/wp-json\/wp\/v2\/media?parent=424"}],"curies":[{"name":"wp","href":"https:\/\/api.w.org\/{rel}","templated":true}]}}